{"id":8,"date":"2012-04-13T18:17:09","date_gmt":"2012-04-13T18:17:09","guid":{"rendered":"http:\/\/crconsorcios.com.ar?page_id=8"},"modified":"2013-07-17T13:43:25","modified_gmt":"2013-07-17T13:43:25","slug":"servicios","status":"publish","type":"page","link":"https:\/\/crconsorcios.com.ar\/?page_id=8","title":{"rendered":"Servicios"},"content":{"rendered":"<h1 align=\"center\"><strong>CrConsultora \u00a0\u00a0\u00a0 \u00a0 \u00a0 \u00a0 \u00a0\u00a0\u00a0\u00a0\u00a0\u00a0\u00a0\u00a0\u00a0\u00a0\u00a0\u00a0\u00a0\u00a0\u00a0\u00a0\u00a0\u00a0\u00a0\u00a0\u00a0\u00a0\u00a0\u00a0\u00a0\u00a0\u00a0\u00a0\u00a0\u00a0\u00a0\u00a0\u00a0\u00a0\u00a0<img decoding=\"async\" loading=\"lazy\" title=\"\" alt=\"\" src=\"http:\/\/www.crconsorcios.com.ar\/original\/100px-Pink_ribbon.svg.png\" width=\"80\" height=\"100\" \/><\/strong><\/h1>\n<h3 align=\"center\"><em><strong>Consultor\u00eda\u00a0en\u00a0recursos\u00a0humanos<\/strong><strong>\u00a0<\/strong><\/em><\/h3>\n<p>\u00a0Administraci\u00f3n de consorcios.<\/p>\n<p>Administraci\u00f3n de alquileres.<\/p>\n<p>Terceriarizaci\u00f3n de sueldos y jornales.<\/p>\n<p>Servicios de limpieza para consorcios.<\/p>\n<p>Busquedas laborales.<\/p>\n","protected":false},"excerpt":{"rendered":"<p>CrConsultora \u00a0\u00a0\u00a0 \u00a0 \u00a0 \u00a0 \u00a0\u00a0\u00a0\u00a0\u00a0\u00a0\u00a0\u00a0\u00a0\u00a0\u00a0\u00a0\u00a0\u00a0\u00a0\u00a0\u00a0\u00a0\u00a0\u00a0\u00a0\u00a0\u00a0\u00a0\u00a0\u00a0\u00a0\u00a0\u00a0\u00a0\u00a0\u00a0\u00a0\u00a0\u00a0 Consultor\u00eda\u00a0en\u00a0recursos\u00a0humanos\u00a0 \u00a0Administraci\u00f3n de consorcios. Administraci\u00f3n de alquileres. Terceriarizaci\u00f3n de sueldos y jornales. Servicios de limpieza para consorcios. Busquedas laborales.<\/p>\n","protected":false},"author":2,"featured_media":0,"parent":0,"menu_order":0,"comment_status":"open","ping_status":"open","template":"","meta":[],"_links":{"self":[{"href":"https:\/\/crconsorcios.com.ar\/index.php?rest_route=\/wp\/v2\/pages\/8"}],"collection":[{"href":"https:\/\/crconsorcios.com.ar\/index.php?rest_route=\/wp\/v2\/pages"}],"about":[{"href":"https:\/\/crconsorcios.com.ar\/index.php?rest_route=\/wp\/v2\/types\/page"}],"author":[{"embeddable":true,"href":"https:\/\/crconsorcios.com.ar\/index.php?rest_route=\/wp\/v2\/users\/2"}],"replies":[{"embeddable":true,"href":"https:\/\/crconsorcios.com.ar\/index.php?rest_route=%2Fwp%2Fv2%2Fcomments&post=8"}],"version-history":[{"count":6,"href":"https:\/\/crconsorcios.com.ar\/index.php?rest_route=\/wp\/v2\/pages\/8\/revisions"}],"predecessor-version":[{"id":10,"href":"https:\/\/crconsorcios.com.ar\/index.php?rest_route=\/wp\/v2\/pages\/8\/revisions\/10"}],"wp:attachment":[{"href":"https:\/\/crconsorcios.com.ar\/index.php?rest_route=%2Fwp%2Fv2%2Fmedia&parent=8"}],"curies":[{"name":"wp","href":"https:\/\/api.w.org\/{rel}","templated":true}]}}