{"id":408,"date":"2012-04-17T15:50:00","date_gmt":"2012-04-17T15:50:00","guid":{"rendered":"http:\/\/crconsorcios.com.ar?page_id=408"},"modified":"2012-04-17T23:06:15","modified_gmt":"2012-04-17T23:06:15","slug":"tercerizacion-de-sueldos","status":"publish","type":"page","link":"https:\/\/crconsorcios.com.ar\/?page_id=408","title":{"rendered":"Tercerizaci\u00f3n de Liquidaci\u00f3n de Sueldos y Jornales"},"content":{"rendered":"<p>Brindamos servicios de tercerizaci\u00f3n de la liquidaci\u00f3n de sueldos y jornales para empresas y estudios contables. Ofrecemos excelente relaci\u00f3n costo beneficio.\u00a0Cons\u00faltenos sobre nuestro servicio de tercerizaci\u00f3n para su n\u00f3mina de empleados desde nuestra pagina de contacto: \u00a0<a title=\"Contacto\" href=\"http:\/\/crconsorcios.com.ar?page_id=114\" target=\"_blank\">Enviar Consulta<\/a><\/p>\n<p>&nbsp;<\/p>\n<p>Recibos, Libro LCT, Reportes, Actualizaciones, SUSS, Retenciones.\u00a0Impuesto a las Ganancias, Certificaciones,\u00a0Software propio.\u00a0Liquidaci\u00f3n de todos los convenios.\u00a0Emisi\u00f3n de recibos de\u00a0sueldos.\u00a0Emisi\u00f3n y presentaci\u00f3n de Libro de Sueldos (Art. 52\u00ba Ley 20744).\u00a0Exportaci\u00f3n al SIAP-SICOSS y generaci\u00f3n del formulario F931.MiSimplicacion, Altas y Bajas.\u00a0Entrega a domicilio de toda la documentaci\u00f3n o por v\u00eda email en formato\u00a0pdf.<\/p>\n","protected":false},"excerpt":{"rendered":"<p>Brindamos servicios de tercerizaci\u00f3n de la liquidaci\u00f3n de sueldos y jornales para empresas y estudios contables. Ofrecemos excelente relaci\u00f3n costo beneficio.\u00a0Cons\u00faltenos sobre nuestro servicio de tercerizaci\u00f3n para su n\u00f3mina de empleados desde nuestra pagina de contacto: \u00a0Enviar Consulta &nbsp; Recibos, Libro LCT, Reportes, Actualizaciones, SUSS, Retenciones.\u00a0Impuesto a las Ganancias, Certificaciones,\u00a0Software propio.\u00a0Liquidaci\u00f3n de todos los convenios.\u00a0Emisi\u00f3n [&hellip;]<\/p>\n","protected":false},"author":2,"featured_media":0,"parent":0,"menu_order":0,"comment_status":"open","ping_status":"open","template":"","meta":[],"_links":{"self":[{"href":"https:\/\/crconsorcios.com.ar\/index.php?rest_route=\/wp\/v2\/pages\/408"}],"collection":[{"href":"https:\/\/crconsorcios.com.ar\/index.php?rest_route=\/wp\/v2\/pages"}],"about":[{"href":"https:\/\/crconsorcios.com.ar\/index.php?rest_route=\/wp\/v2\/types\/page"}],"author":[{"embeddable":true,"href":"https:\/\/crconsorcios.com.ar\/index.php?rest_route=\/wp\/v2\/users\/2"}],"replies":[{"embeddable":true,"href":"https:\/\/crconsorcios.com.ar\/index.php?rest_route=%2Fwp%2Fv2%2Fcomments&post=408"}],"version-history":[{"count":3,"href":"https:\/\/crconsorcios.com.ar\/index.php?rest_route=\/wp\/v2\/pages\/408\/revisions"}],"predecessor-version":[{"id":412,"href":"https:\/\/crconsorcios.com.ar\/index.php?rest_route=\/wp\/v2\/pages\/408\/revisions\/412"}],"wp:attachment":[{"href":"https:\/\/crconsorcios.com.ar\/index.php?rest_route=%2Fwp%2Fv2%2Fmedia&parent=408"}],"curies":[{"name":"wp","href":"https:\/\/api.w.org\/{rel}","templated":true}]}}