{"id":360,"date":"2012-04-16T14:12:25","date_gmt":"2012-04-16T14:12:25","guid":{"rendered":"http:\/\/crconsorcios.com.ar?page_id=360"},"modified":"2012-12-04T15:20:12","modified_gmt":"2012-12-04T15:20:12","slug":"cursos","status":"publish","type":"page","link":"https:\/\/crconsorcios.com.ar\/?page_id=360","title":{"rendered":"Cursos"},"content":{"rendered":"<p>Liquidaci\u00f3n de sueldos y jornales.<\/p>\n<ul>\n<li>Ganancias 4ta.\u00a0Categor\u00eda.<\/li>\n<li>Selecci\u00f3n de Personal.<\/li>\n<li>Aplicativos AFIP.<\/li>\n<li>Secretaria Ejecutiva.<\/li>\n<li>Atenci\u00f3n al Cliente.<\/li>\n<\/ul>\n","protected":false},"excerpt":{"rendered":"<p>Liquidaci\u00f3n de sueldos y jornales. Ganancias 4ta.\u00a0Categor\u00eda. Selecci\u00f3n de Personal. Aplicativos AFIP. Secretaria Ejecutiva. Atenci\u00f3n al Cliente.<\/p>\n","protected":false},"author":2,"featured_media":0,"parent":0,"menu_order":0,"comment_status":"open","ping_status":"open","template":"page-contactus.php","meta":[],"_links":{"self":[{"href":"https:\/\/crconsorcios.com.ar\/index.php?rest_route=\/wp\/v2\/pages\/360"}],"collection":[{"href":"https:\/\/crconsorcios.com.ar\/index.php?rest_route=\/wp\/v2\/pages"}],"about":[{"href":"https:\/\/crconsorcios.com.ar\/index.php?rest_route=\/wp\/v2\/types\/page"}],"author":[{"embeddable":true,"href":"https:\/\/crconsorcios.com.ar\/index.php?rest_route=\/wp\/v2\/users\/2"}],"replies":[{"embeddable":true,"href":"https:\/\/crconsorcios.com.ar\/index.php?rest_route=%2Fwp%2Fv2%2Fcomments&post=360"}],"version-history":[{"count":3,"href":"https:\/\/crconsorcios.com.ar\/index.php?rest_route=\/wp\/v2\/pages\/360\/revisions"}],"predecessor-version":[{"id":479,"href":"https:\/\/crconsorcios.com.ar\/index.php?rest_route=\/wp\/v2\/pages\/360\/revisions\/479"}],"wp:attachment":[{"href":"https:\/\/crconsorcios.com.ar\/index.php?rest_route=%2Fwp%2Fv2%2Fmedia&parent=360"}],"curies":[{"name":"wp","href":"https:\/\/api.w.org\/{rel}","templated":true}]}}