{"id":330,"date":"2012-04-16T13:39:39","date_gmt":"2012-04-16T13:39:39","guid":{"rendered":"http:\/\/crconsorcios.com.ar?page_id=330"},"modified":"2012-12-04T15:30:16","modified_gmt":"2012-12-04T15:30:16","slug":"seleccion-de-personal","status":"publish","type":"page","link":"https:\/\/crconsorcios.com.ar\/?page_id=330","title":{"rendered":"Selecci\u00f3n de personal"},"content":{"rendered":"<p>En b\u00fasquedas de nuestra base de datos, capacitamos y seleccionamos personal para trabajos espec\u00edficos seg\u00fan \u00e1rea a cubrir por nuestros Clientes.<\/p>\n<p>&nbsp;<\/p>\n<style type=\"text\/css\">\n\t\t\t#gallery-1 {\n\t\t\t\tmargin: auto;\n\t\t\t}\n\t\t\t#gallery-1 .gallery-item {\n\t\t\t\tfloat: left;\n\t\t\t\tmargin-top: 10px;\n\t\t\t\ttext-align: center;\n\t\t\t\twidth: 33%;\n\t\t\t}\n\t\t\t#gallery-1 img {\n\t\t\t\tborder: 2px solid #cfcfcf;\n\t\t\t}\n\t\t\t#gallery-1 .gallery-caption {\n\t\t\t\tmargin-left: 0;\n\t\t\t}\n\t\t\t\/* see gallery_shortcode() in wp-includes\/media.php *\/\n\t\t<\/style>\n<div id='gallery-1' class='gallery galleryid-330 gallery-columns-3 gallery-size-thumbnail'>\n<dl class='gallery-item'>\n<dt class='gallery-icon landscape'>\n\t\t\t\t<a href='https:\/\/crconsorcios.com.ar\/?attachment_id=331'><img width=\"140\" height=\"140\" src=\"https:\/\/crconsorcios.com.ar\/wp-content\/uploads\/2012\/04\/RRHH-140x140.jpg\" class=\"attachment-thumbnail size-thumbnail\" alt=\"\" decoding=\"async\" loading=\"lazy\" srcset=\"https:\/\/crconsorcios.com.ar\/wp-content\/uploads\/2012\/04\/RRHH-140x140.jpg 140w, https:\/\/crconsorcios.com.ar\/wp-content\/uploads\/2012\/04\/RRHH-75x75.jpg 75w, https:\/\/crconsorcios.com.ar\/wp-content\/uploads\/2012\/04\/RRHH-55x55.jpg 55w\" sizes=\"(max-width: 140px) 100vw, 140px\" \/><\/a>\n\t\t\t<\/dt>\n<\/dl>\n<dl class='gallery-item'>\n<dt class='gallery-icon landscape'>\n\t\t\t\t<a href='https:\/\/crconsorcios.com.ar\/?attachment_id=332'><img width=\"140\" height=\"140\" src=\"https:\/\/crconsorcios.com.ar\/wp-content\/uploads\/2012\/04\/1-140x140.jpg\" class=\"attachment-thumbnail size-thumbnail\" alt=\"\" decoding=\"async\" loading=\"lazy\" srcset=\"https:\/\/crconsorcios.com.ar\/wp-content\/uploads\/2012\/04\/1-140x140.jpg 140w, https:\/\/crconsorcios.com.ar\/wp-content\/uploads\/2012\/04\/1-75x75.jpg 75w, https:\/\/crconsorcios.com.ar\/wp-content\/uploads\/2012\/04\/1-55x55.jpg 55w\" sizes=\"(max-width: 140px) 100vw, 140px\" \/><\/a>\n\t\t\t<\/dt>\n<\/dl>\n<dl class='gallery-item'>\n<dt class='gallery-icon landscape'>\n\t\t\t\t<a href='https:\/\/crconsorcios.com.ar\/?attachment_id=333'><img width=\"140\" height=\"140\" src=\"https:\/\/crconsorcios.com.ar\/wp-content\/uploads\/2012\/04\/1273103325_91893724_1-Fotos-de-CONVOCATORIA-EMPRESARIAL-OFERTA-LABORAL-ABIERTA-ASESORESDIRECTORES-RECURSOS-HUMANO-1273103325-140x140.jpg\" class=\"attachment-thumbnail size-thumbnail\" alt=\"\" decoding=\"async\" loading=\"lazy\" srcset=\"https:\/\/crconsorcios.com.ar\/wp-content\/uploads\/2012\/04\/1273103325_91893724_1-Fotos-de-CONVOCATORIA-EMPRESARIAL-OFERTA-LABORAL-ABIERTA-ASESORESDIRECTORES-RECURSOS-HUMANO-1273103325-140x140.jpg 140w, https:\/\/crconsorcios.com.ar\/wp-content\/uploads\/2012\/04\/1273103325_91893724_1-Fotos-de-CONVOCATORIA-EMPRESARIAL-OFERTA-LABORAL-ABIERTA-ASESORESDIRECTORES-RECURSOS-HUMANO-1273103325-75x75.jpg 75w, https:\/\/crconsorcios.com.ar\/wp-content\/uploads\/2012\/04\/1273103325_91893724_1-Fotos-de-CONVOCATORIA-EMPRESARIAL-OFERTA-LABORAL-ABIERTA-ASESORESDIRECTORES-RECURSOS-HUMANO-1273103325-55x55.jpg 55w\" sizes=\"(max-width: 140px) 100vw, 140px\" \/><\/a>\n\t\t\t<\/dt>\n<\/dl>\n<p><br style=\"clear: both\" \/><\/p>\n<dl class='gallery-item'>\n<dt class='gallery-icon landscape'>\n\t\t\t\t<a href='https:\/\/crconsorcios.com.ar\/?attachment_id=334'><img width=\"140\" height=\"140\" src=\"https:\/\/crconsorcios.com.ar\/wp-content\/uploads\/2012\/04\/gestion048-140x140.jpg\" class=\"attachment-thumbnail size-thumbnail\" alt=\"\" decoding=\"async\" loading=\"lazy\" srcset=\"https:\/\/crconsorcios.com.ar\/wp-content\/uploads\/2012\/04\/gestion048-140x140.jpg 140w, https:\/\/crconsorcios.com.ar\/wp-content\/uploads\/2012\/04\/gestion048-75x75.jpg 75w, https:\/\/crconsorcios.com.ar\/wp-content\/uploads\/2012\/04\/gestion048-55x55.jpg 55w\" sizes=\"(max-width: 140px) 100vw, 140px\" \/><\/a>\n\t\t\t<\/dt>\n<\/dl>\n<dl class='gallery-item'>\n<dt class='gallery-icon landscape'>\n\t\t\t\t<a href='https:\/\/crconsorcios.com.ar\/?attachment_id=335'><img width=\"140\" height=\"140\" src=\"https:\/\/crconsorcios.com.ar\/wp-content\/uploads\/2012\/04\/recursos-humanos-140x140.jpg\" class=\"attachment-thumbnail size-thumbnail\" alt=\"\" decoding=\"async\" loading=\"lazy\" srcset=\"https:\/\/crconsorcios.com.ar\/wp-content\/uploads\/2012\/04\/recursos-humanos-140x140.jpg 140w, https:\/\/crconsorcios.com.ar\/wp-content\/uploads\/2012\/04\/recursos-humanos-75x75.jpg 75w, https:\/\/crconsorcios.com.ar\/wp-content\/uploads\/2012\/04\/recursos-humanos-55x55.jpg 55w\" sizes=\"(max-width: 140px) 100vw, 140px\" \/><\/a>\n\t\t\t<\/dt>\n<\/dl>\n<p>\t\t\t<br style='clear: both' \/>\n\t\t<\/div>\n","protected":false},"excerpt":{"rendered":"<p>En b\u00fasquedas de nuestra base de datos, capacitamos y seleccionamos personal para trabajos espec\u00edficos seg\u00fan \u00e1rea a cubrir por nuestros Clientes. &nbsp;<\/p>\n","protected":false},"author":2,"featured_media":0,"parent":8,"menu_order":0,"comment_status":"open","ping_status":"open","template":"page-eventarchive.php","meta":[],"_links":{"self":[{"href":"https:\/\/crconsorcios.com.ar\/index.php?rest_route=\/wp\/v2\/pages\/330"}],"collection":[{"href":"https:\/\/crconsorcios.com.ar\/index.php?rest_route=\/wp\/v2\/pages"}],"about":[{"href":"https:\/\/crconsorcios.com.ar\/index.php?rest_route=\/wp\/v2\/types\/page"}],"author":[{"embeddable":true,"href":"https:\/\/crconsorcios.com.ar\/index.php?rest_route=\/wp\/v2\/users\/2"}],"replies":[{"embeddable":true,"href":"https:\/\/crconsorcios.com.ar\/index.php?rest_route=%2Fwp%2Fv2%2Fcomments&post=330"}],"version-history":[{"count":3,"href":"https:\/\/crconsorcios.com.ar\/index.php?rest_route=\/wp\/v2\/pages\/330\/revisions"}],"predecessor-version":[{"id":488,"href":"https:\/\/crconsorcios.com.ar\/index.php?rest_route=\/wp\/v2\/pages\/330\/revisions\/488"}],"up":[{"embeddable":true,"href":"https:\/\/crconsorcios.com.ar\/index.php?rest_route=\/wp\/v2\/pages\/8"}],"wp:attachment":[{"href":"https:\/\/crconsorcios.com.ar\/index.php?rest_route=%2Fwp%2Fv2%2Fmedia&parent=330"}],"curies":[{"name":"wp","href":"https:\/\/api.w.org\/{rel}","templated":true}]}}