{"id":328,"date":"2012-04-16T13:29:59","date_gmt":"2012-04-16T13:29:59","guid":{"rendered":"http:\/\/crconsorcios.com.ar?page_id=328"},"modified":"2012-11-22T21:13:33","modified_gmt":"2012-11-22T21:13:33","slug":"servicios-contables","status":"publish","type":"page","link":"https:\/\/crconsorcios.com.ar\/?page_id=328","title":{"rendered":"Servicios Contables"},"content":{"rendered":"<h1><strong>TERCERIZACI\u00d3N DE LA LIQUIDACI\u00d3N DE SUELDOS Y JORNALES PARA EMPRESAS Y ESTUDIOS CONTABLES<\/strong><\/h1>\n<p>&nbsp;<\/p>\n<p>&nbsp;<\/p>\n<h3>Excelente relaci\u00f3n costo beneficio.\u00a0Cons\u00faltenos sobre nuestro servicio de tercerizaci\u00f3n para su n\u00f3mina de empleados.<\/h3>\n<div><\/div>\n<p>Recibos, Libro LCT, Reportes, Actualizaciones, SUSS, Retenciones.\u00a0Impuesto a las Ganancias, Certificaciones,\u00a0Software propio.\u00a0Liquidaci\u00f3n de todos los convenios.\u00a0Emisi\u00f3n de recibos de\u00a0sueldos.\u00a0Emisi\u00f3n y presentaci\u00f3n de Libro de Sueldos (Art. 52\u00ba Ley 20744).\u00a0Exportaci\u00f3n al SIAP-SICOSS y generaci\u00f3n del formulario F931.MiSimplificaci\u00f3n, \u00a0Altas y Bajas.\u00a0Entrega a domicilio de toda la documentaci\u00f3n o por v\u00eda email en formato\u00a0pdf.<\/p>\n<p>&nbsp;<\/p>\n","protected":false},"excerpt":{"rendered":"<p>TERCERIZACI\u00d3N DE LA LIQUIDACI\u00d3N DE SUELDOS Y JORNALES PARA EMPRESAS Y ESTUDIOS CONTABLES &nbsp; &nbsp; Excelente relaci\u00f3n costo beneficio.\u00a0Cons\u00faltenos sobre nuestro servicio de tercerizaci\u00f3n para su n\u00f3mina de empleados. Recibos, Libro LCT, Reportes, Actualizaciones, SUSS, Retenciones.\u00a0Impuesto a las Ganancias, Certificaciones,\u00a0Software propio.\u00a0Liquidaci\u00f3n de todos los convenios.\u00a0Emisi\u00f3n de recibos de\u00a0sueldos.\u00a0Emisi\u00f3n y presentaci\u00f3n de Libro de Sueldos (Art. [&hellip;]<\/p>\n","protected":false},"author":2,"featured_media":0,"parent":0,"menu_order":0,"comment_status":"open","ping_status":"open","template":"","meta":[],"_links":{"self":[{"href":"https:\/\/crconsorcios.com.ar\/index.php?rest_route=\/wp\/v2\/pages\/328"}],"collection":[{"href":"https:\/\/crconsorcios.com.ar\/index.php?rest_route=\/wp\/v2\/pages"}],"about":[{"href":"https:\/\/crconsorcios.com.ar\/index.php?rest_route=\/wp\/v2\/types\/page"}],"author":[{"embeddable":true,"href":"https:\/\/crconsorcios.com.ar\/index.php?rest_route=\/wp\/v2\/users\/2"}],"replies":[{"embeddable":true,"href":"https:\/\/crconsorcios.com.ar\/index.php?rest_route=%2Fwp%2Fv2%2Fcomments&post=328"}],"version-history":[{"count":3,"href":"https:\/\/crconsorcios.com.ar\/index.php?rest_route=\/wp\/v2\/pages\/328\/revisions"}],"predecessor-version":[{"id":472,"href":"https:\/\/crconsorcios.com.ar\/index.php?rest_route=\/wp\/v2\/pages\/328\/revisions\/472"}],"wp:attachment":[{"href":"https:\/\/crconsorcios.com.ar\/index.php?rest_route=%2Fwp%2Fv2%2Fmedia&parent=328"}],"curies":[{"name":"wp","href":"https:\/\/api.w.org\/{rel}","templated":true}]}}