{"id":325,"date":"2012-04-16T13:29:02","date_gmt":"2012-04-16T13:29:02","guid":{"rendered":"http:\/\/crconsorcios.com.ar?page_id=325"},"modified":"2020-08-03T20:12:11","modified_gmt":"2020-08-03T23:12:11","slug":"fumigaciones-en-general","status":"publish","type":"page","link":"https:\/\/crconsorcios.com.ar\/?page_id=325","title":{"rendered":"Fumigaciones en general"},"content":{"rendered":"<p>Brindamos servicios de fumigaciones en general. Desinsectaci\u00f3n, Sanitaci\u00f3n, M\u00f3dulos sanitizantes.<br \/>Presupuestos en el acto.<\/p>\n","protected":false},"excerpt":{"rendered":"<p>Brindamos servicios de fumigaciones en general. Desinsectaci\u00f3n, Sanitaci\u00f3n, M\u00f3dulos sanitizantes.Presupuestos en el acto.<\/p>\n","protected":false},"author":2,"featured_media":0,"parent":8,"menu_order":0,"comment_status":"open","ping_status":"open","template":"","meta":[],"_links":{"self":[{"href":"https:\/\/crconsorcios.com.ar\/index.php?rest_route=\/wp\/v2\/pages\/325"}],"collection":[{"href":"https:\/\/crconsorcios.com.ar\/index.php?rest_route=\/wp\/v2\/pages"}],"about":[{"href":"https:\/\/crconsorcios.com.ar\/index.php?rest_route=\/wp\/v2\/types\/page"}],"author":[{"embeddable":true,"href":"https:\/\/crconsorcios.com.ar\/index.php?rest_route=\/wp\/v2\/users\/2"}],"replies":[{"embeddable":true,"href":"https:\/\/crconsorcios.com.ar\/index.php?rest_route=%2Fwp%2Fv2%2Fcomments&post=325"}],"version-history":[{"count":9,"href":"https:\/\/crconsorcios.com.ar\/index.php?rest_route=\/wp\/v2\/pages\/325\/revisions"}],"predecessor-version":[{"id":611,"href":"https:\/\/crconsorcios.com.ar\/index.php?rest_route=\/wp\/v2\/pages\/325\/revisions\/611"}],"up":[{"embeddable":true,"href":"https:\/\/crconsorcios.com.ar\/index.php?rest_route=\/wp\/v2\/pages\/8"}],"wp:attachment":[{"href":"https:\/\/crconsorcios.com.ar\/index.php?rest_route=%2Fwp%2Fv2%2Fmedia&parent=325"}],"curies":[{"name":"wp","href":"https:\/\/api.w.org\/{rel}","templated":true}]}}