{"id":2,"date":"2012-04-04T12:18:19","date_gmt":"2012-04-04T12:18:19","guid":{"rendered":"http:\/\/crconsorcios.com.ar?page_id=2"},"modified":"2020-08-03T20:24:41","modified_gmt":"2020-08-03T23:24:41","slug":"warning-htmlspecialchars-charset-utf-7-not-supported-assuming-utf-8-in-homecrconpublic_htmlnewwp-includesformatting-php-on-line-3192sample-page","status":"publish","type":"page","link":"https:\/\/crconsorcios.com.ar\/?page_id=2","title":{"rendered":"Administraci\u00f3n de consorcios"},"content":{"rendered":"<p><a style=\"font-family: 'Times New Roman'; font-size: 12pt;\" href=\"http:\/\/qr.afip.gob.ar\/?qr=TCfeB2eybLXt-XW3Ee-bDA,,\"><span style=\"font-size: 12.0pt; font-family: 'Times New Roman'; mso-fareast-font-family: 'Times New Roman'; mso-ansi-language: ES; mso-fareast-language: ES; mso-bidi-language: AR-SA;\"><img decoding=\"async\" class=\"alignright\" style=\"border: 0px;\" src=\"file:\/\/\/C:\/Users\/carolina\/AppData\/Local\/Temp\/msohtml1\/01\/clip_image002.jpg\" alt=\"\" border=\"0\" \/><\/span><\/a><\/p>\n<p><a href=\"http:\/\/qr.afip.gob.ar\/?qr=TCfeB2eybLXt-XW3Ee-bDA,,\"><img decoding=\"async\" loading=\"lazy\" src=\"http:\/\/www.afip.gob.ar\/images\/f960\/DATAWEB.jpg\" alt=\"\" width=\"143\" height=\"196\" \/><\/a><\/p>\n<p><span style=\"color: #000000;\"><strong>CR CONSORCIOS<\/strong><\/span><\/p>\n<p><span style=\"color: #000000;\">Edificios, Barrios Cerrados, Cementerios, Galerias.<\/span><\/p>\n<p><span style=\"color: #000000;\"><strong>Administradora Matriculada Nro. \u00a08239<\/strong><\/span><\/p>\n<p><span style=\"font-family: wp_bogus_font; color: #000000;\">MEJORAMOS SUS EXPENSAS!!!!<\/span><\/p>\n<p>&nbsp;<\/p>\n<ul>\n<li><span style=\"color: #000000;\">An\u00e1lisis de necesidades del consorcio.<\/span><\/li>\n<li><span style=\"color: #000000;\">Atenci\u00f3n\u00a0telef\u00f3nica\u00a0las 24hs.<\/span><\/li>\n<li><span style=\"color: #000000;\">Liquidaci\u00f3n de sueldos del personal.<\/span><\/li>\n<li><span style=\"color: #000000; font-family: Arial;\">Manejo total de la documentaci\u00f3n del consorcio.<\/span><\/li>\n<li><span style=\"color: #000000; font-family: Arial;\">Visitas e inspecciones frecuentes.<\/span><\/li>\n<li><span style=\"color: #000000; font-family: Arial;\">Cumplimiento al Reglamento de Copropiedad.<\/span><\/li>\n<li><span style=\"color: #000000; font-family: Arial;\">Presupuestos al instante por email o personalmente. \u00a0\u00a0<\/span><\/li>\n<\/ul>\n<p>&nbsp;<\/p>\n<p><b>\u00a0 <span style=\"color: #000000;\">M\u00e9todo de trabajo<\/span><\/b><\/p>\n<p><b>\u00a0<\/b>\u00a0 Leer libro de actas y reglamento de copropiedad.<\/p>\n<p>\u00a0 Interiorizarme con las decisiones que toma el Consejo Administrativo.<\/p>\n<p>\u00a0 Poner en conocimiento la reglamentaci\u00f3n vigente.<\/p>\n<p>\u00a0 Solucionar las falencias existentes, si es que las hubiera, sin modificar el presupuesto vigente.<\/p>\n<p>\u00a0 Realizar inspecciones y recorridas por todo el edificio.<\/p>\n<p>\u00a0 Llevar los libros obligatorios en regla.<\/p>\n<p>\u00a0 Liquidaci\u00f3n de sueldos y jornales del personal con sistema propio.<\/p>\n<p>\u00a0 Liquidaci\u00f3n de expensas seg\u00fan el GCBA con EXPENSAS CLARAS.<\/p>\n<p>\u00a0 Resolver y mediar antes inconvenientes vecinales.<\/p>\n<p>\u00a0 Seguimiento de Morosos.<\/p>\n<p><span style=\"text-decoration: underline;\"><strong><span style=\"color: #000000; text-decoration: underline;\">EXPENSAS CLARAS<\/span><\/strong><\/span><\/p>\n<p><strong>CABA. Programa expensas claras<\/strong><\/p>\n<p>A partir del 17\/12 regir\u00e1 un modelo \u00fanico digital de liquidaci\u00f3n de expensas que deber\u00e1 enviarse por mail a los consorcistas acompa\u00f1ado de la digitalizaci\u00f3n de todos los comprobantes respaldatorios.<\/p>\n<p>\u00a0<strong><span style=\"color: #000000; text-decoration: underline;\">Ofrecemos a Colegas, formatos excel para liquidaci\u00f3n de expensas.\u00a0<\/span><\/strong><\/p>\n<p>Consulte email consultorarusso@gmail.com \u00a0<\/p>\n<p>&nbsp;<\/p>\n<p>&nbsp;<\/p>\n<p><span style=\"color: #000000;\"><strong>Referencias<\/strong><\/span><\/p>\n<p>CONSORCIO BORGES al 1300 OLIVOS<\/p>\n<p>CONSORCIO MARTIN CORONADO al 900 ACASSUSO<\/p>\n<p>CONSORCIO NU\u00d1EZ al 5300 CABA<\/p>\n<p>CONSORCIO O HIGGINS al 2600 CABA<\/p>\n<p>CONSORCIO CAPDEVILA al 3500 CABA<\/p>\n<p>CONSORCIO CAPDEVILA al 3300 \u00a0CABA<\/p>\n<p>CONSORCIO DIAZ COLODRERO al 3500 CABA<\/p>\n<p>CONSORCIO J.P.VARELA al 3100 CABA<\/p>\n<p>&nbsp;<\/p>\n<p><strong>Atendemos Zona Norte, Zona Oeste, Lujan, Gral Rodriguez, Morena, Costa Argentina: Mar del Plata, San Bernardo, San Clemente.\u00a0<\/strong><\/p>\n<p><strong>Administraci\u00f3n de alquileres.<\/strong><\/p>\n<p>&nbsp;<\/p>\n<p><span style=\"color: #000000;\"><strong>Implementamos :<\/strong><\/span><\/p>\n<p><span style=\"color: #000000;\"><em><strong>Cuentas Bancarias, centros de pagos ( Pagofacil, rapipago, Baproexpress, etc) , pago con tarjetas de debito y cr\u00e9ditos.\u00a0<\/strong><\/em><\/span><\/p>\n<p><strong>Protocolo COVID 19<\/strong><\/p>\n<p>&nbsp;<\/p>\n<p>https:\/\/www.buenosaires.gob.ar\/coronavirus\/equipos-salud\/protocolos-coronavirus-covid-19<\/p>\n<p>&nbsp;<\/p>\n<p><a href=\"http:\/\/www.buenosaires.gob.ar\/areas\/jef_gabinete\/atencion_ciudadana\/def_consumidor\/consulta_adm.php?menu_id=10329\">http:\/\/www.buenosaires.gob.ar\/areas\/jef_gabinete\/atencion_ciudadana\/def_consumidor\/consulta_adm.php?menu_id=10329<\/a><\/p>\n<p>&nbsp;<\/p>\n<p>&nbsp;<\/p>\n","protected":false},"excerpt":{"rendered":"<p>CR CONSORCIOS Edificios, Barrios Cerrados, Cementerios, Galerias. Administradora Matriculada Nro. \u00a08239 MEJORAMOS SUS EXPENSAS!!!! &nbsp; An\u00e1lisis de necesidades del consorcio. Atenci\u00f3n\u00a0telef\u00f3nica\u00a0las 24hs. Liquidaci\u00f3n de sueldos del personal. Manejo total de la documentaci\u00f3n del consorcio. Visitas e inspecciones frecuentes. Cumplimiento al Reglamento de Copropiedad. Presupuestos al instante por email o personalmente. \u00a0\u00a0 &nbsp; \u00a0 M\u00e9todo de [&hellip;]<\/p>\n","protected":false},"author":2,"featured_media":0,"parent":8,"menu_order":0,"comment_status":"closed","ping_status":"closed","template":"page-eventarchive.php","meta":[],"_links":{"self":[{"href":"https:\/\/crconsorcios.com.ar\/index.php?rest_route=\/wp\/v2\/pages\/2"}],"collection":[{"href":"https:\/\/crconsorcios.com.ar\/index.php?rest_route=\/wp\/v2\/pages"}],"about":[{"href":"https:\/\/crconsorcios.com.ar\/index.php?rest_route=\/wp\/v2\/types\/page"}],"author":[{"embeddable":true,"href":"https:\/\/crconsorcios.com.ar\/index.php?rest_route=\/wp\/v2\/users\/2"}],"replies":[{"embeddable":true,"href":"https:\/\/crconsorcios.com.ar\/index.php?rest_route=%2Fwp%2Fv2%2Fcomments&post=2"}],"version-history":[{"count":79,"href":"https:\/\/crconsorcios.com.ar\/index.php?rest_route=\/wp\/v2\/pages\/2\/revisions"}],"predecessor-version":[{"id":617,"href":"https:\/\/crconsorcios.com.ar\/index.php?rest_route=\/wp\/v2\/pages\/2\/revisions\/617"}],"up":[{"embeddable":true,"href":"https:\/\/crconsorcios.com.ar\/index.php?rest_route=\/wp\/v2\/pages\/8"}],"wp:attachment":[{"href":"https:\/\/crconsorcios.com.ar\/index.php?rest_route=%2Fwp%2Fv2%2Fmedia&parent=2"}],"curies":[{"name":"wp","href":"https:\/\/api.w.org\/{rel}","templated":true}]}}